{"id":3492,"date":"2025-08-09T21:59:10","date_gmt":"2025-08-09T21:59:10","guid":{"rendered":"https:\/\/ultramarineessence.com\/?post_type=product&#038;p=3492"},"modified":"2025-08-09T21:59:10","modified_gmt":"2025-08-09T21:59:10","slug":"anillo-de-oro-18-k-1-12-gramos","status":"publish","type":"product","link":"https:\/\/ultramarineessence.com\/en\/product\/anillo-de-oro-18-k-1-12-gramos\/","title":{"rendered":"Anillo de oro 18 k 1.12 gramos"},"content":{"rendered":"<p><img loading=\"lazy\" decoding=\"async\" class=\"alignnone size-medium wp-image-3485\" src=\"https:\/\/ultramarineessence.com\/wp-content\/uploads\/2025\/08\/66298ef3-8d01-4cee-a12b-5885c9d534ed-252x300.jpeg\" alt=\"\" width=\"252\" height=\"300\" srcset=\"https:\/\/ultramarineessence.com\/wp-content\/uploads\/2025\/08\/66298ef3-8d01-4cee-a12b-5885c9d534ed-252x300.jpeg 252w, https:\/\/ultramarineessence.com\/wp-content\/uploads\/2025\/08\/66298ef3-8d01-4cee-a12b-5885c9d534ed-860x1024.jpeg 860w, https:\/\/ultramarineessence.com\/wp-content\/uploads\/2025\/08\/66298ef3-8d01-4cee-a12b-5885c9d534ed-768x914.jpeg 768w, https:\/\/ultramarineessence.com\/wp-content\/uploads\/2025\/08\/66298ef3-8d01-4cee-a12b-5885c9d534ed-10x12.jpeg 10w, https:\/\/ultramarineessence.com\/wp-content\/uploads\/2025\/08\/66298ef3-8d01-4cee-a12b-5885c9d534ed-600x714.jpeg 600w, https:\/\/ultramarineessence.com\/wp-content\/uploads\/2025\/08\/66298ef3-8d01-4cee-a12b-5885c9d534ed.jpeg 1170w\" sizes=\"auto, (max-width: 252px) 100vw, 252px\" \/><\/p>\n<p>Anillo de oro 18 k 1.12 gramos<br \/>\nEsmeralda natural certificada<\/p>","protected":false},"excerpt":{"rendered":"<p>Anillo de oro 18 k 1.12 gramos Esmeralda natural certificada<\/p>","protected":false},"featured_media":3485,"comment_status":"open","ping_status":"closed","template":"","meta":{"_uag_custom_page_level_css":"","_themeisle_gutenberg_block_has_review":false},"product_brand":[],"product_cat":[34],"product_tag":[],"class_list":{"0":"post-3492","1":"product","2":"type-product","3":"status-publish","4":"has-post-thumbnail","6":"product_cat-joyas","8":"first","9":"instock","10":"shipping-taxable","11":"purchasable","12":"product-type-variable"},"yoast_head":"<!-- This site is optimized with the Yoast SEO plugin v24.1 - https:\/\/yoast.com\/wordpress\/plugins\/seo\/ -->\n<title>Anillo de oro 18 k 1.12 gramos - Ultramarine Essence<\/title>\n<meta name=\"robots\" content=\"index, follow, max-snippet:-1, max-image-preview:large, max-video-preview:-1\" \/>\n<link rel=\"canonical\" href=\"https:\/\/ultramarineessence.com\/en\/product\/anillo-de-oro-18-k-1-12-gramos\/\" \/>\n<meta property=\"og:locale\" content=\"en_US\" \/>\n<meta property=\"og:type\" content=\"article\" \/>\n<meta property=\"og:title\" content=\"Anillo de oro 18 k 1.12 gramos - Ultramarine Essence\" \/>\n<meta property=\"og:description\" content=\"Anillo de oro 18 k 1.12 gramos Esmeralda natural certificada\" \/>\n<meta property=\"og:url\" content=\"https:\/\/ultramarineessence.com\/en\/product\/anillo-de-oro-18-k-1-12-gramos\/\" \/>\n<meta property=\"og:site_name\" content=\"Ultramarine Essence\" \/>\n<meta property=\"article:publisher\" content=\"https:\/\/www.facebook.com\/people\/Ultramarine-Essence\/61567117845127\/\" \/>\n<meta property=\"og:image\" content=\"https:\/\/ultramarineessence.com\/wp-content\/uploads\/2025\/08\/66298ef3-8d01-4cee-a12b-5885c9d534ed.jpeg\" \/>\n\t<meta property=\"og:image:width\" content=\"1170\" \/>\n\t<meta property=\"og:image:height\" content=\"1393\" \/>\n\t<meta property=\"og:image:type\" content=\"image\/jpeg\" \/>\n<meta name=\"twitter:card\" content=\"summary_large_image\" \/>\n<meta name=\"twitter:site\" content=\"@ultramarinessen\" \/>\n<meta name=\"twitter:label1\" content=\"Est. reading time\" \/>\n\t<meta name=\"twitter:data1\" content=\"1 minute\" \/>\n<script type=\"application\/ld+json\" class=\"yoast-schema-graph\">{\"@context\":\"https:\/\/schema.org\",\"@graph\":[{\"@type\":\"WebPage\",\"@id\":\"https:\/\/ultramarineessence.com\/product\/anillo-de-oro-18-k-1-12-gramos\/\",\"url\":\"https:\/\/ultramarineessence.com\/product\/anillo-de-oro-18-k-1-12-gramos\/\",\"name\":\"Anillo de oro 18 k 1.12 gramos - Ultramarine Essence\",\"isPartOf\":{\"@id\":\"https:\/\/ultramarineessence.com\/#website\"},\"primaryImageOfPage\":{\"@id\":\"https:\/\/ultramarineessence.com\/product\/anillo-de-oro-18-k-1-12-gramos\/#primaryimage\"},\"image\":{\"@id\":\"https:\/\/ultramarineessence.com\/product\/anillo-de-oro-18-k-1-12-gramos\/#primaryimage\"},\"thumbnailUrl\":\"https:\/\/ultramarineessence.com\/wp-content\/uploads\/2025\/08\/66298ef3-8d01-4cee-a12b-5885c9d534ed.jpeg\",\"datePublished\":\"2025-08-09T21:59:10+00:00\",\"dateModified\":\"2025-08-09T21:59:10+00:00\",\"breadcrumb\":{\"@id\":\"https:\/\/ultramarineessence.com\/product\/anillo-de-oro-18-k-1-12-gramos\/#breadcrumb\"},\"inLanguage\":\"en-US\",\"potentialAction\":[{\"@type\":\"ReadAction\",\"target\":[\"https:\/\/ultramarineessence.com\/product\/anillo-de-oro-18-k-1-12-gramos\/\"]}]},{\"@type\":\"ImageObject\",\"inLanguage\":\"en-US\",\"@id\":\"https:\/\/ultramarineessence.com\/product\/anillo-de-oro-18-k-1-12-gramos\/#primaryimage\",\"url\":\"https:\/\/ultramarineessence.com\/wp-content\/uploads\/2025\/08\/66298ef3-8d01-4cee-a12b-5885c9d534ed.jpeg\",\"contentUrl\":\"https:\/\/ultramarineessence.com\/wp-content\/uploads\/2025\/08\/66298ef3-8d01-4cee-a12b-5885c9d534ed.jpeg\",\"width\":1170,\"height\":1393},{\"@type\":\"BreadcrumbList\",\"@id\":\"https:\/\/ultramarineessence.com\/product\/anillo-de-oro-18-k-1-12-gramos\/#breadcrumb\",\"itemListElement\":[{\"@type\":\"ListItem\",\"position\":1,\"name\":\"Inicio\",\"item\":\"https:\/\/ultramarineessence.com\/\"},{\"@type\":\"ListItem\",\"position\":2,\"name\":\"Shop\",\"item\":\"https:\/\/ultramarineessence.com\/shop\/\"},{\"@type\":\"ListItem\",\"position\":3,\"name\":\"Anillo de oro 18 k 1.12 gramos\"}]},{\"@type\":\"WebSite\",\"@id\":\"https:\/\/ultramarineessence.com\/#website\",\"url\":\"https:\/\/ultramarineessence.com\/\",\"name\":\"Ultramarine Essence\",\"description\":\"Ultramarine Essence: La esencia de la exclusividad en moda. Descubre prendas \u00fanicas dise\u00f1adas para destacar en cualquier ocasi\u00f3n.\",\"publisher\":{\"@id\":\"https:\/\/ultramarineessence.com\/#organization\"},\"potentialAction\":[{\"@type\":\"SearchAction\",\"target\":{\"@type\":\"EntryPoint\",\"urlTemplate\":\"https:\/\/ultramarineessence.com\/?s={search_term_string}\"},\"query-input\":{\"@type\":\"PropertyValueSpecification\",\"valueRequired\":true,\"valueName\":\"search_term_string\"}}],\"inLanguage\":\"en-US\"},{\"@type\":\"Organization\",\"@id\":\"https:\/\/ultramarineessence.com\/#organization\",\"name\":\"Ultramarine Essence\",\"url\":\"https:\/\/ultramarineessence.com\/\",\"logo\":{\"@type\":\"ImageObject\",\"inLanguage\":\"en-US\",\"@id\":\"https:\/\/ultramarineessence.com\/#\/schema\/logo\/image\/\",\"url\":\"https:\/\/ultramarineessence.com\/wp-content\/uploads\/2024\/11\/cropped-0.-Logos-y-editables-Ultramarine_page-0001.jpg\",\"contentUrl\":\"https:\/\/ultramarineessence.com\/wp-content\/uploads\/2024\/11\/cropped-0.-Logos-y-editables-Ultramarine_page-0001.jpg\",\"width\":512,\"height\":512,\"caption\":\"Ultramarine Essence\"},\"image\":{\"@id\":\"https:\/\/ultramarineessence.com\/#\/schema\/logo\/image\/\"},\"sameAs\":[\"https:\/\/www.facebook.com\/people\/Ultramarine-Essence\/61567117845127\/\",\"https:\/\/x.com\/ultramarinessen\",\"https:\/\/www.instagram.com\/ultramarinessence\/\",\"https:\/\/www.tiktok.com\/@ultramarinessence?_t=8rzv3xpLO9F&_r=1\"]}]}<\/script>\n<!-- \/ Yoast SEO plugin. -->","yoast_head_json":{"title":"Anillo de oro 18 k 1.12 gramos - Ultramarine Essence","robots":{"index":"index","follow":"follow","max-snippet":"max-snippet:-1","max-image-preview":"max-image-preview:large","max-video-preview":"max-video-preview:-1"},"canonical":"https:\/\/ultramarineessence.com\/en\/product\/anillo-de-oro-18-k-1-12-gramos\/","og_locale":"en_US","og_type":"article","og_title":"Anillo de oro 18 k 1.12 gramos - Ultramarine Essence","og_description":"Anillo de oro 18 k 1.12 gramos Esmeralda natural certificada","og_url":"https:\/\/ultramarineessence.com\/en\/product\/anillo-de-oro-18-k-1-12-gramos\/","og_site_name":"Ultramarine Essence","article_publisher":"https:\/\/www.facebook.com\/people\/Ultramarine-Essence\/61567117845127\/","og_image":[{"width":1170,"height":1393,"url":"https:\/\/ultramarineessence.com\/wp-content\/uploads\/2025\/08\/66298ef3-8d01-4cee-a12b-5885c9d534ed.jpeg","type":"image\/jpeg"}],"twitter_card":"summary_large_image","twitter_site":"@ultramarinessen","twitter_misc":{"Est. reading time":"1 minute"},"schema":{"@context":"https:\/\/schema.org","@graph":[{"@type":"WebPage","@id":"https:\/\/ultramarineessence.com\/product\/anillo-de-oro-18-k-1-12-gramos\/","url":"https:\/\/ultramarineessence.com\/product\/anillo-de-oro-18-k-1-12-gramos\/","name":"Anillo de oro 18 k 1.12 gramos - Ultramarine Essence","isPartOf":{"@id":"https:\/\/ultramarineessence.com\/#website"},"primaryImageOfPage":{"@id":"https:\/\/ultramarineessence.com\/product\/anillo-de-oro-18-k-1-12-gramos\/#primaryimage"},"image":{"@id":"https:\/\/ultramarineessence.com\/product\/anillo-de-oro-18-k-1-12-gramos\/#primaryimage"},"thumbnailUrl":"https:\/\/ultramarineessence.com\/wp-content\/uploads\/2025\/08\/66298ef3-8d01-4cee-a12b-5885c9d534ed.jpeg","datePublished":"2025-08-09T21:59:10+00:00","dateModified":"2025-08-09T21:59:10+00:00","breadcrumb":{"@id":"https:\/\/ultramarineessence.com\/product\/anillo-de-oro-18-k-1-12-gramos\/#breadcrumb"},"inLanguage":"en-US","potentialAction":[{"@type":"ReadAction","target":["https:\/\/ultramarineessence.com\/product\/anillo-de-oro-18-k-1-12-gramos\/"]}]},{"@type":"ImageObject","inLanguage":"en-US","@id":"https:\/\/ultramarineessence.com\/product\/anillo-de-oro-18-k-1-12-gramos\/#primaryimage","url":"https:\/\/ultramarineessence.com\/wp-content\/uploads\/2025\/08\/66298ef3-8d01-4cee-a12b-5885c9d534ed.jpeg","contentUrl":"https:\/\/ultramarineessence.com\/wp-content\/uploads\/2025\/08\/66298ef3-8d01-4cee-a12b-5885c9d534ed.jpeg","width":1170,"height":1393},{"@type":"BreadcrumbList","@id":"https:\/\/ultramarineessence.com\/product\/anillo-de-oro-18-k-1-12-gramos\/#breadcrumb","itemListElement":[{"@type":"ListItem","position":1,"name":"Inicio","item":"https:\/\/ultramarineessence.com\/"},{"@type":"ListItem","position":2,"name":"Shop","item":"https:\/\/ultramarineessence.com\/shop\/"},{"@type":"ListItem","position":3,"name":"Anillo de oro 18 k 1.12 gramos"}]},{"@type":"WebSite","@id":"https:\/\/ultramarineessence.com\/#website","url":"https:\/\/ultramarineessence.com\/","name":"Ultramarine Essence","description":"Ultramarine Essence: La esencia de la exclusividad en moda. Descubre prendas \u00fanicas dise\u00f1adas para destacar en cualquier ocasi\u00f3n.","publisher":{"@id":"https:\/\/ultramarineessence.com\/#organization"},"potentialAction":[{"@type":"SearchAction","target":{"@type":"EntryPoint","urlTemplate":"https:\/\/ultramarineessence.com\/?s={search_term_string}"},"query-input":{"@type":"PropertyValueSpecification","valueRequired":true,"valueName":"search_term_string"}}],"inLanguage":"en-US"},{"@type":"Organization","@id":"https:\/\/ultramarineessence.com\/#organization","name":"Ultramarine Essence","url":"https:\/\/ultramarineessence.com\/","logo":{"@type":"ImageObject","inLanguage":"en-US","@id":"https:\/\/ultramarineessence.com\/#\/schema\/logo\/image\/","url":"https:\/\/ultramarineessence.com\/wp-content\/uploads\/2024\/11\/cropped-0.-Logos-y-editables-Ultramarine_page-0001.jpg","contentUrl":"https:\/\/ultramarineessence.com\/wp-content\/uploads\/2024\/11\/cropped-0.-Logos-y-editables-Ultramarine_page-0001.jpg","width":512,"height":512,"caption":"Ultramarine Essence"},"image":{"@id":"https:\/\/ultramarineessence.com\/#\/schema\/logo\/image\/"},"sameAs":["https:\/\/www.facebook.com\/people\/Ultramarine-Essence\/61567117845127\/","https:\/\/x.com\/ultramarinessen","https:\/\/www.instagram.com\/ultramarinessence\/","https:\/\/www.tiktok.com\/@ultramarinessence?_t=8rzv3xpLO9F&_r=1"]}]}},"uagb_featured_image_src":{"full":["https:\/\/ultramarineessence.com\/wp-content\/uploads\/2025\/08\/66298ef3-8d01-4cee-a12b-5885c9d534ed.jpeg",1170,1393,false],"thumbnail":["https:\/\/ultramarineessence.com\/wp-content\/uploads\/2025\/08\/66298ef3-8d01-4cee-a12b-5885c9d534ed-150x150.jpeg",150,150,true],"medium":["https:\/\/ultramarineessence.com\/wp-content\/uploads\/2025\/08\/66298ef3-8d01-4cee-a12b-5885c9d534ed-252x300.jpeg",252,300,true],"medium_large":["https:\/\/ultramarineessence.com\/wp-content\/uploads\/2025\/08\/66298ef3-8d01-4cee-a12b-5885c9d534ed-768x914.jpeg",768,914,true],"large":["https:\/\/ultramarineessence.com\/wp-content\/uploads\/2025\/08\/66298ef3-8d01-4cee-a12b-5885c9d534ed-860x1024.jpeg",860,1024,true],"1536x1536":["https:\/\/ultramarineessence.com\/wp-content\/uploads\/2025\/08\/66298ef3-8d01-4cee-a12b-5885c9d534ed.jpeg",1170,1393,false],"2048x2048":["https:\/\/ultramarineessence.com\/wp-content\/uploads\/2025\/08\/66298ef3-8d01-4cee-a12b-5885c9d534ed.jpeg",1170,1393,false],"trp-custom-language-flag":["https:\/\/ultramarineessence.com\/wp-content\/uploads\/2025\/08\/66298ef3-8d01-4cee-a12b-5885c9d534ed-10x12.jpeg",10,12,true],"woocommerce_archive_thumbnail":["https:\/\/ultramarineessence.com\/wp-content\/uploads\/2025\/08\/66298ef3-8d01-4cee-a12b-5885c9d534ed.jpeg",1170,1393,false],"mailpoet_newsletter_max":["https:\/\/ultramarineessence.com\/wp-content\/uploads\/2025\/08\/66298ef3-8d01-4cee-a12b-5885c9d534ed.jpeg",1170,1393,false],"woocommerce_thumbnail":["https:\/\/ultramarineessence.com\/wp-content\/uploads\/2025\/08\/66298ef3-8d01-4cee-a12b-5885c9d534ed-300x300.jpeg",300,300,true],"woocommerce_single":["https:\/\/ultramarineessence.com\/wp-content\/uploads\/2025\/08\/66298ef3-8d01-4cee-a12b-5885c9d534ed-600x714.jpeg",600,714,true],"woocommerce_gallery_thumbnail":["https:\/\/ultramarineessence.com\/wp-content\/uploads\/2025\/08\/66298ef3-8d01-4cee-a12b-5885c9d534ed-100x100.jpeg",100,100,true]},"uagb_author_info":{"display_name":"Ultra Marine","author_link":"https:\/\/ultramarineessence.com\/en\/author\/"},"uagb_comment_info":0,"uagb_excerpt":"Anillo de oro 18 k 1.12 gramos Esmeralda natural certificada","_links":{"self":[{"href":"https:\/\/ultramarineessence.com\/en\/wp-json\/wp\/v2\/product\/3492","targetHints":{"allow":["GET"]}}],"collection":[{"href":"https:\/\/ultramarineessence.com\/en\/wp-json\/wp\/v2\/product"}],"about":[{"href":"https:\/\/ultramarineessence.com\/en\/wp-json\/wp\/v2\/types\/product"}],"replies":[{"embeddable":true,"href":"https:\/\/ultramarineessence.com\/en\/wp-json\/wp\/v2\/comments?post=3492"}],"wp:featuredmedia":[{"embeddable":true,"href":"https:\/\/ultramarineessence.com\/en\/wp-json\/wp\/v2\/media\/3485"}],"wp:attachment":[{"href":"https:\/\/ultramarineessence.com\/en\/wp-json\/wp\/v2\/media?parent=3492"}],"wp:term":[{"taxonomy":"product_brand","embeddable":true,"href":"https:\/\/ultramarineessence.com\/en\/wp-json\/wp\/v2\/product_brand?post=3492"},{"taxonomy":"product_cat","embeddable":true,"href":"https:\/\/ultramarineessence.com\/en\/wp-json\/wp\/v2\/product_cat?post=3492"},{"taxonomy":"product_tag","embeddable":true,"href":"https:\/\/ultramarineessence.com\/en\/wp-json\/wp\/v2\/product_tag?post=3492"}],"curies":[{"name":"wp","href":"https:\/\/api.w.org\/{rel}","templated":true}]}}