{"id":3483,"date":"2025-08-09T21:53:25","date_gmt":"2025-08-09T21:53:25","guid":{"rendered":"https:\/\/ultramarineessence.com\/?post_type=product&#038;p=3483"},"modified":"2025-08-09T21:53:25","modified_gmt":"2025-08-09T21:53:25","slug":"anillo-de-oro-18-kilates-2-78-gr","status":"publish","type":"product","link":"https:\/\/ultramarineessence.com\/en\/product\/anillo-de-oro-18-kilates-2-78-gr\/","title":{"rendered":"Anillo de oro 18 kilates &#8211; 2.78 gr"},"content":{"rendered":"<p><img loading=\"lazy\" decoding=\"async\" class=\"alignnone size-medium wp-image-3486\" src=\"https:\/\/ultramarineessence.com\/wp-content\/uploads\/2025\/08\/999d5e58-3c13-43c6-8e3f-6db05c4beb8f-257x300.jpeg\" alt=\"\" width=\"257\" height=\"300\" srcset=\"https:\/\/ultramarineessence.com\/wp-content\/uploads\/2025\/08\/999d5e58-3c13-43c6-8e3f-6db05c4beb8f-257x300.jpeg 257w, https:\/\/ultramarineessence.com\/wp-content\/uploads\/2025\/08\/999d5e58-3c13-43c6-8e3f-6db05c4beb8f-876x1024.jpeg 876w, https:\/\/ultramarineessence.com\/wp-content\/uploads\/2025\/08\/999d5e58-3c13-43c6-8e3f-6db05c4beb8f-768x898.jpeg 768w, https:\/\/ultramarineessence.com\/wp-content\/uploads\/2025\/08\/999d5e58-3c13-43c6-8e3f-6db05c4beb8f-1313x1536.jpeg 1313w, https:\/\/ultramarineessence.com\/wp-content\/uploads\/2025\/08\/999d5e58-3c13-43c6-8e3f-6db05c4beb8f-10x12.jpeg 10w, https:\/\/ultramarineessence.com\/wp-content\/uploads\/2025\/08\/999d5e58-3c13-43c6-8e3f-6db05c4beb8f-1320x1544.jpeg 1320w, https:\/\/ultramarineessence.com\/wp-content\/uploads\/2025\/08\/999d5e58-3c13-43c6-8e3f-6db05c4beb8f-600x702.jpeg 600w, https:\/\/ultramarineessence.com\/wp-content\/uploads\/2025\/08\/999d5e58-3c13-43c6-8e3f-6db05c4beb8f.jpeg 1368w\" sizes=\"auto, (max-width: 257px) 100vw, 257px\" \/> <img loading=\"lazy\" decoding=\"async\" class=\"alignnone size-medium wp-image-3487\" src=\"https:\/\/ultramarineessence.com\/wp-content\/uploads\/2025\/08\/ea98cf9b-e828-441e-89d7-a468e57cb479-259x300.jpeg\" alt=\"\" width=\"259\" height=\"300\" srcset=\"https:\/\/ultramarineessence.com\/wp-content\/uploads\/2025\/08\/ea98cf9b-e828-441e-89d7-a468e57cb479-259x300.jpeg 259w, https:\/\/ultramarineessence.com\/wp-content\/uploads\/2025\/08\/ea98cf9b-e828-441e-89d7-a468e57cb479-884x1024.jpeg 884w, https:\/\/ultramarineessence.com\/wp-content\/uploads\/2025\/08\/ea98cf9b-e828-441e-89d7-a468e57cb479-768x889.jpeg 768w, https:\/\/ultramarineessence.com\/wp-content\/uploads\/2025\/08\/ea98cf9b-e828-441e-89d7-a468e57cb479-1327x1536.jpeg 1327w, https:\/\/ultramarineessence.com\/wp-content\/uploads\/2025\/08\/ea98cf9b-e828-441e-89d7-a468e57cb479-10x12.jpeg 10w, https:\/\/ultramarineessence.com\/wp-content\/uploads\/2025\/08\/ea98cf9b-e828-441e-89d7-a468e57cb479-1320x1528.jpeg 1320w, https:\/\/ultramarineessence.com\/wp-content\/uploads\/2025\/08\/ea98cf9b-e828-441e-89d7-a468e57cb479-600x695.jpeg 600w, https:\/\/ultramarineessence.com\/wp-content\/uploads\/2025\/08\/ea98cf9b-e828-441e-89d7-a468e57cb479.jpeg 1382w\" sizes=\"auto, (max-width: 259px) 100vw, 259px\" \/><\/p>\n<p>Anillo de oro 18 kilates &#8211; 2.78 gr<br \/>\nEsmeralda natural color vivid 4.28 x 3.6 mm<br \/>\nCertificado gemolog\u00eda @edelweissgemlab<br \/>\n13 diamantes 1.3 mm c\/u<\/p>","protected":false},"excerpt":{"rendered":"<p>Anillo de oro 18 kilates &#8211; 2.78 gr Esmeralda natural color vivid 4.28 x 3.6 mm Certificado gemolog\u00eda @edelweissgemlab 13 diamantes 1.3 mm c\/u<\/p>","protected":false},"featured_media":3486,"comment_status":"open","ping_status":"closed","template":"","meta":{"_uag_custom_page_level_css":"","_themeisle_gutenberg_block_has_review":false},"product_brand":[],"product_cat":[34],"product_tag":[],"class_list":{"0":"post-3483","1":"product","2":"type-product","3":"status-publish","4":"has-post-thumbnail","6":"product_cat-joyas","8":"first","9":"instock","10":"shipping-taxable","11":"purchasable","12":"product-type-variable"},"yoast_head":"<!-- This site is optimized with the Yoast SEO plugin v24.1 - https:\/\/yoast.com\/wordpress\/plugins\/seo\/ -->\n<title>Anillo de oro 18 kilates - 2.78 gr - Ultramarine Essence<\/title>\n<meta name=\"robots\" content=\"index, follow, max-snippet:-1, max-image-preview:large, max-video-preview:-1\" \/>\n<link rel=\"canonical\" href=\"https:\/\/ultramarineessence.com\/en\/product\/anillo-de-oro-18-kilates-2-78-gr\/\" \/>\n<meta property=\"og:locale\" content=\"en_US\" \/>\n<meta property=\"og:type\" content=\"article\" \/>\n<meta property=\"og:title\" content=\"Anillo de oro 18 kilates - 2.78 gr - Ultramarine Essence\" \/>\n<meta property=\"og:description\" content=\"Anillo de oro 18 kilates &#8211; 2.78 gr Esmeralda natural color vivid 4.28 x 3.6 mm Certificado gemolog\u00eda @edelweissgemlab 13 diamantes 1.3 mm c\/u\" \/>\n<meta property=\"og:url\" content=\"https:\/\/ultramarineessence.com\/en\/product\/anillo-de-oro-18-kilates-2-78-gr\/\" \/>\n<meta property=\"og:site_name\" content=\"Ultramarine Essence\" \/>\n<meta property=\"article:publisher\" content=\"https:\/\/www.facebook.com\/people\/Ultramarine-Essence\/61567117845127\/\" \/>\n<meta property=\"og:image\" content=\"https:\/\/ultramarineessence.com\/wp-content\/uploads\/2025\/08\/999d5e58-3c13-43c6-8e3f-6db05c4beb8f.jpeg\" \/>\n\t<meta property=\"og:image:width\" content=\"1368\" \/>\n\t<meta property=\"og:image:height\" content=\"1600\" \/>\n\t<meta property=\"og:image:type\" content=\"image\/jpeg\" \/>\n<meta name=\"twitter:card\" content=\"summary_large_image\" \/>\n<meta name=\"twitter:site\" content=\"@ultramarinessen\" \/>\n<meta name=\"twitter:label1\" content=\"Est. reading time\" \/>\n\t<meta name=\"twitter:data1\" content=\"1 minute\" \/>\n<script type=\"application\/ld+json\" class=\"yoast-schema-graph\">{\"@context\":\"https:\/\/schema.org\",\"@graph\":[{\"@type\":\"WebPage\",\"@id\":\"https:\/\/ultramarineessence.com\/product\/anillo-de-oro-18-kilates-2-78-gr\/\",\"url\":\"https:\/\/ultramarineessence.com\/product\/anillo-de-oro-18-kilates-2-78-gr\/\",\"name\":\"Anillo de oro 18 kilates - 2.78 gr - Ultramarine Essence\",\"isPartOf\":{\"@id\":\"https:\/\/ultramarineessence.com\/#website\"},\"primaryImageOfPage\":{\"@id\":\"https:\/\/ultramarineessence.com\/product\/anillo-de-oro-18-kilates-2-78-gr\/#primaryimage\"},\"image\":{\"@id\":\"https:\/\/ultramarineessence.com\/product\/anillo-de-oro-18-kilates-2-78-gr\/#primaryimage\"},\"thumbnailUrl\":\"https:\/\/ultramarineessence.com\/wp-content\/uploads\/2025\/08\/999d5e58-3c13-43c6-8e3f-6db05c4beb8f.jpeg\",\"datePublished\":\"2025-08-09T21:53:25+00:00\",\"dateModified\":\"2025-08-09T21:53:25+00:00\",\"breadcrumb\":{\"@id\":\"https:\/\/ultramarineessence.com\/product\/anillo-de-oro-18-kilates-2-78-gr\/#breadcrumb\"},\"inLanguage\":\"en-US\",\"potentialAction\":[{\"@type\":\"ReadAction\",\"target\":[\"https:\/\/ultramarineessence.com\/product\/anillo-de-oro-18-kilates-2-78-gr\/\"]}]},{\"@type\":\"ImageObject\",\"inLanguage\":\"en-US\",\"@id\":\"https:\/\/ultramarineessence.com\/product\/anillo-de-oro-18-kilates-2-78-gr\/#primaryimage\",\"url\":\"https:\/\/ultramarineessence.com\/wp-content\/uploads\/2025\/08\/999d5e58-3c13-43c6-8e3f-6db05c4beb8f.jpeg\",\"contentUrl\":\"https:\/\/ultramarineessence.com\/wp-content\/uploads\/2025\/08\/999d5e58-3c13-43c6-8e3f-6db05c4beb8f.jpeg\",\"width\":1368,\"height\":1600},{\"@type\":\"BreadcrumbList\",\"@id\":\"https:\/\/ultramarineessence.com\/product\/anillo-de-oro-18-kilates-2-78-gr\/#breadcrumb\",\"itemListElement\":[{\"@type\":\"ListItem\",\"position\":1,\"name\":\"Inicio\",\"item\":\"https:\/\/ultramarineessence.com\/\"},{\"@type\":\"ListItem\",\"position\":2,\"name\":\"Shop\",\"item\":\"https:\/\/ultramarineessence.com\/shop\/\"},{\"@type\":\"ListItem\",\"position\":3,\"name\":\"Anillo de oro 18 kilates &#8211; 2.78 gr\"}]},{\"@type\":\"WebSite\",\"@id\":\"https:\/\/ultramarineessence.com\/#website\",\"url\":\"https:\/\/ultramarineessence.com\/\",\"name\":\"Ultramarine Essence\",\"description\":\"Ultramarine Essence: La esencia de la exclusividad en moda. Descubre prendas \u00fanicas dise\u00f1adas para destacar en cualquier ocasi\u00f3n.\",\"publisher\":{\"@id\":\"https:\/\/ultramarineessence.com\/#organization\"},\"potentialAction\":[{\"@type\":\"SearchAction\",\"target\":{\"@type\":\"EntryPoint\",\"urlTemplate\":\"https:\/\/ultramarineessence.com\/?s={search_term_string}\"},\"query-input\":{\"@type\":\"PropertyValueSpecification\",\"valueRequired\":true,\"valueName\":\"search_term_string\"}}],\"inLanguage\":\"en-US\"},{\"@type\":\"Organization\",\"@id\":\"https:\/\/ultramarineessence.com\/#organization\",\"name\":\"Ultramarine Essence\",\"url\":\"https:\/\/ultramarineessence.com\/\",\"logo\":{\"@type\":\"ImageObject\",\"inLanguage\":\"en-US\",\"@id\":\"https:\/\/ultramarineessence.com\/#\/schema\/logo\/image\/\",\"url\":\"https:\/\/ultramarineessence.com\/wp-content\/uploads\/2024\/11\/cropped-0.-Logos-y-editables-Ultramarine_page-0001.jpg\",\"contentUrl\":\"https:\/\/ultramarineessence.com\/wp-content\/uploads\/2024\/11\/cropped-0.-Logos-y-editables-Ultramarine_page-0001.jpg\",\"width\":512,\"height\":512,\"caption\":\"Ultramarine Essence\"},\"image\":{\"@id\":\"https:\/\/ultramarineessence.com\/#\/schema\/logo\/image\/\"},\"sameAs\":[\"https:\/\/www.facebook.com\/people\/Ultramarine-Essence\/61567117845127\/\",\"https:\/\/x.com\/ultramarinessen\",\"https:\/\/www.instagram.com\/ultramarinessence\/\",\"https:\/\/www.tiktok.com\/@ultramarinessence?_t=8rzv3xpLO9F&_r=1\"]}]}<\/script>\n<!-- \/ Yoast SEO plugin. -->","yoast_head_json":{"title":"Anillo de oro 18 kilates - 2.78 gr - Ultramarine Essence","robots":{"index":"index","follow":"follow","max-snippet":"max-snippet:-1","max-image-preview":"max-image-preview:large","max-video-preview":"max-video-preview:-1"},"canonical":"https:\/\/ultramarineessence.com\/en\/product\/anillo-de-oro-18-kilates-2-78-gr\/","og_locale":"en_US","og_type":"article","og_title":"Anillo de oro 18 kilates - 2.78 gr - Ultramarine Essence","og_description":"Anillo de oro 18 kilates &#8211; 2.78 gr Esmeralda natural color vivid 4.28 x 3.6 mm Certificado gemolog\u00eda @edelweissgemlab 13 diamantes 1.3 mm c\/u","og_url":"https:\/\/ultramarineessence.com\/en\/product\/anillo-de-oro-18-kilates-2-78-gr\/","og_site_name":"Ultramarine Essence","article_publisher":"https:\/\/www.facebook.com\/people\/Ultramarine-Essence\/61567117845127\/","og_image":[{"width":1368,"height":1600,"url":"https:\/\/ultramarineessence.com\/wp-content\/uploads\/2025\/08\/999d5e58-3c13-43c6-8e3f-6db05c4beb8f.jpeg","type":"image\/jpeg"}],"twitter_card":"summary_large_image","twitter_site":"@ultramarinessen","twitter_misc":{"Est. reading time":"1 minute"},"schema":{"@context":"https:\/\/schema.org","@graph":[{"@type":"WebPage","@id":"https:\/\/ultramarineessence.com\/product\/anillo-de-oro-18-kilates-2-78-gr\/","url":"https:\/\/ultramarineessence.com\/product\/anillo-de-oro-18-kilates-2-78-gr\/","name":"Anillo de oro 18 kilates - 2.78 gr - Ultramarine Essence","isPartOf":{"@id":"https:\/\/ultramarineessence.com\/#website"},"primaryImageOfPage":{"@id":"https:\/\/ultramarineessence.com\/product\/anillo-de-oro-18-kilates-2-78-gr\/#primaryimage"},"image":{"@id":"https:\/\/ultramarineessence.com\/product\/anillo-de-oro-18-kilates-2-78-gr\/#primaryimage"},"thumbnailUrl":"https:\/\/ultramarineessence.com\/wp-content\/uploads\/2025\/08\/999d5e58-3c13-43c6-8e3f-6db05c4beb8f.jpeg","datePublished":"2025-08-09T21:53:25+00:00","dateModified":"2025-08-09T21:53:25+00:00","breadcrumb":{"@id":"https:\/\/ultramarineessence.com\/product\/anillo-de-oro-18-kilates-2-78-gr\/#breadcrumb"},"inLanguage":"en-US","potentialAction":[{"@type":"ReadAction","target":["https:\/\/ultramarineessence.com\/product\/anillo-de-oro-18-kilates-2-78-gr\/"]}]},{"@type":"ImageObject","inLanguage":"en-US","@id":"https:\/\/ultramarineessence.com\/product\/anillo-de-oro-18-kilates-2-78-gr\/#primaryimage","url":"https:\/\/ultramarineessence.com\/wp-content\/uploads\/2025\/08\/999d5e58-3c13-43c6-8e3f-6db05c4beb8f.jpeg","contentUrl":"https:\/\/ultramarineessence.com\/wp-content\/uploads\/2025\/08\/999d5e58-3c13-43c6-8e3f-6db05c4beb8f.jpeg","width":1368,"height":1600},{"@type":"BreadcrumbList","@id":"https:\/\/ultramarineessence.com\/product\/anillo-de-oro-18-kilates-2-78-gr\/#breadcrumb","itemListElement":[{"@type":"ListItem","position":1,"name":"Inicio","item":"https:\/\/ultramarineessence.com\/"},{"@type":"ListItem","position":2,"name":"Shop","item":"https:\/\/ultramarineessence.com\/shop\/"},{"@type":"ListItem","position":3,"name":"Anillo de oro 18 kilates &#8211; 2.78 gr"}]},{"@type":"WebSite","@id":"https:\/\/ultramarineessence.com\/#website","url":"https:\/\/ultramarineessence.com\/","name":"Ultramarine Essence","description":"Ultramarine Essence: La esencia de la exclusividad en moda. Descubre prendas \u00fanicas dise\u00f1adas para destacar en cualquier ocasi\u00f3n.","publisher":{"@id":"https:\/\/ultramarineessence.com\/#organization"},"potentialAction":[{"@type":"SearchAction","target":{"@type":"EntryPoint","urlTemplate":"https:\/\/ultramarineessence.com\/?s={search_term_string}"},"query-input":{"@type":"PropertyValueSpecification","valueRequired":true,"valueName":"search_term_string"}}],"inLanguage":"en-US"},{"@type":"Organization","@id":"https:\/\/ultramarineessence.com\/#organization","name":"Ultramarine Essence","url":"https:\/\/ultramarineessence.com\/","logo":{"@type":"ImageObject","inLanguage":"en-US","@id":"https:\/\/ultramarineessence.com\/#\/schema\/logo\/image\/","url":"https:\/\/ultramarineessence.com\/wp-content\/uploads\/2024\/11\/cropped-0.-Logos-y-editables-Ultramarine_page-0001.jpg","contentUrl":"https:\/\/ultramarineessence.com\/wp-content\/uploads\/2024\/11\/cropped-0.-Logos-y-editables-Ultramarine_page-0001.jpg","width":512,"height":512,"caption":"Ultramarine Essence"},"image":{"@id":"https:\/\/ultramarineessence.com\/#\/schema\/logo\/image\/"},"sameAs":["https:\/\/www.facebook.com\/people\/Ultramarine-Essence\/61567117845127\/","https:\/\/x.com\/ultramarinessen","https:\/\/www.instagram.com\/ultramarinessence\/","https:\/\/www.tiktok.com\/@ultramarinessence?_t=8rzv3xpLO9F&_r=1"]}]}},"uagb_featured_image_src":{"full":["https:\/\/ultramarineessence.com\/wp-content\/uploads\/2025\/08\/999d5e58-3c13-43c6-8e3f-6db05c4beb8f.jpeg",1368,1600,false],"thumbnail":["https:\/\/ultramarineessence.com\/wp-content\/uploads\/2025\/08\/999d5e58-3c13-43c6-8e3f-6db05c4beb8f-150x150.jpeg",150,150,true],"medium":["https:\/\/ultramarineessence.com\/wp-content\/uploads\/2025\/08\/999d5e58-3c13-43c6-8e3f-6db05c4beb8f-257x300.jpeg",257,300,true],"medium_large":["https:\/\/ultramarineessence.com\/wp-content\/uploads\/2025\/08\/999d5e58-3c13-43c6-8e3f-6db05c4beb8f-768x898.jpeg",768,898,true],"large":["https:\/\/ultramarineessence.com\/wp-content\/uploads\/2025\/08\/999d5e58-3c13-43c6-8e3f-6db05c4beb8f-876x1024.jpeg",876,1024,true],"1536x1536":["https:\/\/ultramarineessence.com\/wp-content\/uploads\/2025\/08\/999d5e58-3c13-43c6-8e3f-6db05c4beb8f-1313x1536.jpeg",1313,1536,true],"2048x2048":["https:\/\/ultramarineessence.com\/wp-content\/uploads\/2025\/08\/999d5e58-3c13-43c6-8e3f-6db05c4beb8f.jpeg",1368,1600,false],"trp-custom-language-flag":["https:\/\/ultramarineessence.com\/wp-content\/uploads\/2025\/08\/999d5e58-3c13-43c6-8e3f-6db05c4beb8f-10x12.jpeg",10,12,true],"woocommerce_archive_thumbnail":["https:\/\/ultramarineessence.com\/wp-content\/uploads\/2025\/08\/999d5e58-3c13-43c6-8e3f-6db05c4beb8f.jpeg",1368,1600,false],"mailpoet_newsletter_max":["https:\/\/ultramarineessence.com\/wp-content\/uploads\/2025\/08\/999d5e58-3c13-43c6-8e3f-6db05c4beb8f-1320x1544.jpeg",1320,1544,true],"woocommerce_thumbnail":["https:\/\/ultramarineessence.com\/wp-content\/uploads\/2025\/08\/999d5e58-3c13-43c6-8e3f-6db05c4beb8f-300x300.jpeg",300,300,true],"woocommerce_single":["https:\/\/ultramarineessence.com\/wp-content\/uploads\/2025\/08\/999d5e58-3c13-43c6-8e3f-6db05c4beb8f-600x702.jpeg",600,702,true],"woocommerce_gallery_thumbnail":["https:\/\/ultramarineessence.com\/wp-content\/uploads\/2025\/08\/999d5e58-3c13-43c6-8e3f-6db05c4beb8f-100x100.jpeg",100,100,true]},"uagb_author_info":{"display_name":"Ultra Marine","author_link":"https:\/\/ultramarineessence.com\/en\/author\/"},"uagb_comment_info":0,"uagb_excerpt":"Anillo de oro 18 kilates &#8211; 2.78 gr Esmeralda natural color vivid 4.28 x 3.6 mm Certificado gemolog\u00eda @edelweissgemlab 13 diamantes 1.3 mm c\/u","_links":{"self":[{"href":"https:\/\/ultramarineessence.com\/en\/wp-json\/wp\/v2\/product\/3483","targetHints":{"allow":["GET"]}}],"collection":[{"href":"https:\/\/ultramarineessence.com\/en\/wp-json\/wp\/v2\/product"}],"about":[{"href":"https:\/\/ultramarineessence.com\/en\/wp-json\/wp\/v2\/types\/product"}],"replies":[{"embeddable":true,"href":"https:\/\/ultramarineessence.com\/en\/wp-json\/wp\/v2\/comments?post=3483"}],"wp:featuredmedia":[{"embeddable":true,"href":"https:\/\/ultramarineessence.com\/en\/wp-json\/wp\/v2\/media\/3486"}],"wp:attachment":[{"href":"https:\/\/ultramarineessence.com\/en\/wp-json\/wp\/v2\/media?parent=3483"}],"wp:term":[{"taxonomy":"product_brand","embeddable":true,"href":"https:\/\/ultramarineessence.com\/en\/wp-json\/wp\/v2\/product_brand?post=3483"},{"taxonomy":"product_cat","embeddable":true,"href":"https:\/\/ultramarineessence.com\/en\/wp-json\/wp\/v2\/product_cat?post=3483"},{"taxonomy":"product_tag","embeddable":true,"href":"https:\/\/ultramarineessence.com\/en\/wp-json\/wp\/v2\/product_tag?post=3483"}],"curies":[{"name":"wp","href":"https:\/\/api.w.org\/{rel}","templated":true}]}}