{"id":3477,"date":"2025-07-21T22:43:57","date_gmt":"2025-07-21T22:43:57","guid":{"rendered":"https:\/\/ultramarineessence.com\/?post_type=product&#038;p=3477"},"modified":"2025-07-21T22:54:52","modified_gmt":"2025-07-21T22:54:52","slug":"dije-de-oro-con-esmeralda-y-diamantes-2","status":"publish","type":"product","link":"https:\/\/ultramarineessence.com\/en\/product\/dije-de-oro-con-esmeralda-y-diamantes-2\/","title":{"rendered":"Dije de oro con esmeralda y diamantes"},"content":{"rendered":"<p>&nbsp;<\/p>\n<div style=\"width: 848px;\" class=\"wp-video\"><!--[if lt IE 9]><script>document.createElement('video');<\/script><![endif]-->\n<video class=\"wp-video-shortcode\" id=\"video-3477-1\" width=\"848\" height=\"480\" preload=\"metadata\" controls=\"controls\"><source type=\"video\/mp4\" src=\"https:\/\/ultramarineessence.com\/wp-content\/uploads\/2025\/07\/IMG_1991.mp4?_=1\" \/><a href=\"https:\/\/ultramarineessence.com\/wp-content\/uploads\/2025\/07\/IMG_1991.mp4\">https:\/\/ultramarineessence.com\/wp-content\/uploads\/2025\/07\/IMG_1991.mp4<\/a><\/video><\/div>\n<p><img loading=\"lazy\" decoding=\"async\" class=\"alignnone size-medium wp-image-3479\" src=\"https:\/\/ultramarineessence.com\/wp-content\/uploads\/2025\/07\/IMG_0325-264x300.jpeg\" alt=\"\" width=\"264\" height=\"300\" srcset=\"https:\/\/ultramarineessence.com\/wp-content\/uploads\/2025\/07\/IMG_0325-264x300.jpeg 264w, https:\/\/ultramarineessence.com\/wp-content\/uploads\/2025\/07\/IMG_0325-901x1024.jpeg 901w, https:\/\/ultramarineessence.com\/wp-content\/uploads\/2025\/07\/IMG_0325-768x873.jpeg 768w, https:\/\/ultramarineessence.com\/wp-content\/uploads\/2025\/07\/IMG_0325-1351x1536.jpeg 1351w, https:\/\/ultramarineessence.com\/wp-content\/uploads\/2025\/07\/IMG_0325-1801x2048.jpeg 1801w, https:\/\/ultramarineessence.com\/wp-content\/uploads\/2025\/07\/IMG_0325-11x12.jpeg 11w, https:\/\/ultramarineessence.com\/wp-content\/uploads\/2025\/07\/IMG_0325-1320x1501.jpeg 1320w, https:\/\/ultramarineessence.com\/wp-content\/uploads\/2025\/07\/IMG_0325-600x682.jpeg 600w\" sizes=\"auto, (max-width: 264px) 100vw, 264px\" \/><\/p>","protected":false},"excerpt":{"rendered":"<p>&nbsp;<\/p>","protected":false},"featured_media":3479,"comment_status":"open","ping_status":"closed","template":"","meta":{"_uag_custom_page_level_css":"","_themeisle_gutenberg_block_has_review":false},"product_brand":[],"product_cat":[34],"product_tag":[],"class_list":{"0":"post-3477","1":"product","2":"type-product","3":"status-publish","4":"has-post-thumbnail","6":"product_cat-joyas","8":"first","9":"instock","10":"shipping-taxable","11":"purchasable","12":"product-type-variable"},"yoast_head":"<!-- This site is optimized with the Yoast SEO plugin v24.1 - https:\/\/yoast.com\/wordpress\/plugins\/seo\/ -->\n<title>Dije de oro con esmeralda y diamantes - Ultramarine Essence<\/title>\n<meta name=\"description\" content=\"Dije-de-oro-con-esmeralda-1,26ct\" \/>\n<meta name=\"robots\" content=\"index, follow, max-snippet:-1, max-image-preview:large, max-video-preview:-1\" \/>\n<link rel=\"canonical\" href=\"https:\/\/ultramarineessence.com\/en\/product\/dije-de-oro-con-esmeralda-y-diamantes-2\/\" \/>\n<meta property=\"og:locale\" content=\"en_US\" \/>\n<meta property=\"og:type\" content=\"article\" \/>\n<meta property=\"og:title\" content=\"Dije de oro con esmeralda y diamantes - Ultramarine Essence\" \/>\n<meta property=\"og:description\" content=\"Dije-de-oro-con-esmeralda-1,26ct\" \/>\n<meta property=\"og:url\" content=\"https:\/\/ultramarineessence.com\/en\/product\/dije-de-oro-con-esmeralda-y-diamantes-2\/\" \/>\n<meta property=\"og:site_name\" content=\"Ultramarine Essence\" \/>\n<meta property=\"article:publisher\" content=\"https:\/\/www.facebook.com\/people\/Ultramarine-Essence\/61567117845127\/\" \/>\n<meta property=\"article:modified_time\" content=\"2025-07-21T22:54:52+00:00\" \/>\n<meta property=\"og:image\" content=\"https:\/\/ultramarineessence.com\/wp-content\/uploads\/2025\/07\/IMG_0325.jpeg\" \/>\n\t<meta property=\"og:image:width\" content=\"2160\" \/>\n\t<meta property=\"og:image:height\" content=\"2456\" \/>\n\t<meta property=\"og:image:type\" content=\"image\/jpeg\" \/>\n<meta name=\"twitter:card\" content=\"summary_large_image\" \/>\n<meta name=\"twitter:site\" content=\"@ultramarinessen\" \/>\n<meta name=\"twitter:label1\" content=\"Est. reading time\" \/>\n\t<meta name=\"twitter:data1\" content=\"1 minute\" \/>\n<script type=\"application\/ld+json\" class=\"yoast-schema-graph\">{\"@context\":\"https:\/\/schema.org\",\"@graph\":[{\"@type\":\"WebPage\",\"@id\":\"https:\/\/ultramarineessence.com\/product\/dije-de-oro-con-esmeralda-y-diamantes-2\/\",\"url\":\"https:\/\/ultramarineessence.com\/product\/dije-de-oro-con-esmeralda-y-diamantes-2\/\",\"name\":\"Dije de oro con esmeralda y diamantes - Ultramarine Essence\",\"isPartOf\":{\"@id\":\"https:\/\/ultramarineessence.com\/#website\"},\"primaryImageOfPage\":{\"@id\":\"https:\/\/ultramarineessence.com\/product\/dije-de-oro-con-esmeralda-y-diamantes-2\/#primaryimage\"},\"image\":{\"@id\":\"https:\/\/ultramarineessence.com\/product\/dije-de-oro-con-esmeralda-y-diamantes-2\/#primaryimage\"},\"thumbnailUrl\":\"https:\/\/ultramarineessence.com\/wp-content\/uploads\/2025\/07\/IMG_0325.jpeg\",\"datePublished\":\"2025-07-21T22:43:57+00:00\",\"dateModified\":\"2025-07-21T22:54:52+00:00\",\"description\":\"Dije-de-oro-con-esmeralda-1,26ct\",\"breadcrumb\":{\"@id\":\"https:\/\/ultramarineessence.com\/product\/dije-de-oro-con-esmeralda-y-diamantes-2\/#breadcrumb\"},\"inLanguage\":\"en-US\",\"potentialAction\":[{\"@type\":\"ReadAction\",\"target\":[\"https:\/\/ultramarineessence.com\/product\/dije-de-oro-con-esmeralda-y-diamantes-2\/\"]}]},{\"@type\":\"ImageObject\",\"inLanguage\":\"en-US\",\"@id\":\"https:\/\/ultramarineessence.com\/product\/dije-de-oro-con-esmeralda-y-diamantes-2\/#primaryimage\",\"url\":\"https:\/\/ultramarineessence.com\/wp-content\/uploads\/2025\/07\/IMG_0325.jpeg\",\"contentUrl\":\"https:\/\/ultramarineessence.com\/wp-content\/uploads\/2025\/07\/IMG_0325.jpeg\",\"width\":2160,\"height\":2456},{\"@type\":\"BreadcrumbList\",\"@id\":\"https:\/\/ultramarineessence.com\/product\/dije-de-oro-con-esmeralda-y-diamantes-2\/#breadcrumb\",\"itemListElement\":[{\"@type\":\"ListItem\",\"position\":1,\"name\":\"Inicio\",\"item\":\"https:\/\/ultramarineessence.com\/\"},{\"@type\":\"ListItem\",\"position\":2,\"name\":\"Shop\",\"item\":\"https:\/\/ultramarineessence.com\/shop\/\"},{\"@type\":\"ListItem\",\"position\":3,\"name\":\"Dije de oro con esmeralda y diamantes\"}]},{\"@type\":\"WebSite\",\"@id\":\"https:\/\/ultramarineessence.com\/#website\",\"url\":\"https:\/\/ultramarineessence.com\/\",\"name\":\"Ultramarine Essence\",\"description\":\"Ultramarine Essence: La esencia de la exclusividad en moda. Descubre prendas \u00fanicas dise\u00f1adas para destacar en cualquier ocasi\u00f3n.\",\"publisher\":{\"@id\":\"https:\/\/ultramarineessence.com\/#organization\"},\"potentialAction\":[{\"@type\":\"SearchAction\",\"target\":{\"@type\":\"EntryPoint\",\"urlTemplate\":\"https:\/\/ultramarineessence.com\/?s={search_term_string}\"},\"query-input\":{\"@type\":\"PropertyValueSpecification\",\"valueRequired\":true,\"valueName\":\"search_term_string\"}}],\"inLanguage\":\"en-US\"},{\"@type\":\"Organization\",\"@id\":\"https:\/\/ultramarineessence.com\/#organization\",\"name\":\"Ultramarine Essence\",\"url\":\"https:\/\/ultramarineessence.com\/\",\"logo\":{\"@type\":\"ImageObject\",\"inLanguage\":\"en-US\",\"@id\":\"https:\/\/ultramarineessence.com\/#\/schema\/logo\/image\/\",\"url\":\"https:\/\/ultramarineessence.com\/wp-content\/uploads\/2024\/11\/cropped-0.-Logos-y-editables-Ultramarine_page-0001.jpg\",\"contentUrl\":\"https:\/\/ultramarineessence.com\/wp-content\/uploads\/2024\/11\/cropped-0.-Logos-y-editables-Ultramarine_page-0001.jpg\",\"width\":512,\"height\":512,\"caption\":\"Ultramarine Essence\"},\"image\":{\"@id\":\"https:\/\/ultramarineessence.com\/#\/schema\/logo\/image\/\"},\"sameAs\":[\"https:\/\/www.facebook.com\/people\/Ultramarine-Essence\/61567117845127\/\",\"https:\/\/x.com\/ultramarinessen\",\"https:\/\/www.instagram.com\/ultramarinessence\/\",\"https:\/\/www.tiktok.com\/@ultramarinessence?_t=8rzv3xpLO9F&_r=1\"]}]}<\/script>\n<!-- \/ Yoast SEO plugin. -->","yoast_head_json":{"title":"Dije de oro con esmeralda y diamantes - Ultramarine Essence","description":"Dije-de-oro-con-esmeralda-1,26ct","robots":{"index":"index","follow":"follow","max-snippet":"max-snippet:-1","max-image-preview":"max-image-preview:large","max-video-preview":"max-video-preview:-1"},"canonical":"https:\/\/ultramarineessence.com\/en\/product\/dije-de-oro-con-esmeralda-y-diamantes-2\/","og_locale":"en_US","og_type":"article","og_title":"Dije de oro con esmeralda y diamantes - Ultramarine Essence","og_description":"Dije-de-oro-con-esmeralda-1,26ct","og_url":"https:\/\/ultramarineessence.com\/en\/product\/dije-de-oro-con-esmeralda-y-diamantes-2\/","og_site_name":"Ultramarine Essence","article_publisher":"https:\/\/www.facebook.com\/people\/Ultramarine-Essence\/61567117845127\/","article_modified_time":"2025-07-21T22:54:52+00:00","og_image":[{"width":2160,"height":2456,"url":"https:\/\/ultramarineessence.com\/wp-content\/uploads\/2025\/07\/IMG_0325.jpeg","type":"image\/jpeg"}],"twitter_card":"summary_large_image","twitter_site":"@ultramarinessen","twitter_misc":{"Est. reading time":"1 minute"},"schema":{"@context":"https:\/\/schema.org","@graph":[{"@type":"WebPage","@id":"https:\/\/ultramarineessence.com\/product\/dije-de-oro-con-esmeralda-y-diamantes-2\/","url":"https:\/\/ultramarineessence.com\/product\/dije-de-oro-con-esmeralda-y-diamantes-2\/","name":"Dije de oro con esmeralda y diamantes - Ultramarine Essence","isPartOf":{"@id":"https:\/\/ultramarineessence.com\/#website"},"primaryImageOfPage":{"@id":"https:\/\/ultramarineessence.com\/product\/dije-de-oro-con-esmeralda-y-diamantes-2\/#primaryimage"},"image":{"@id":"https:\/\/ultramarineessence.com\/product\/dije-de-oro-con-esmeralda-y-diamantes-2\/#primaryimage"},"thumbnailUrl":"https:\/\/ultramarineessence.com\/wp-content\/uploads\/2025\/07\/IMG_0325.jpeg","datePublished":"2025-07-21T22:43:57+00:00","dateModified":"2025-07-21T22:54:52+00:00","description":"Dije-de-oro-con-esmeralda-1,26ct","breadcrumb":{"@id":"https:\/\/ultramarineessence.com\/product\/dije-de-oro-con-esmeralda-y-diamantes-2\/#breadcrumb"},"inLanguage":"en-US","potentialAction":[{"@type":"ReadAction","target":["https:\/\/ultramarineessence.com\/product\/dije-de-oro-con-esmeralda-y-diamantes-2\/"]}]},{"@type":"ImageObject","inLanguage":"en-US","@id":"https:\/\/ultramarineessence.com\/product\/dije-de-oro-con-esmeralda-y-diamantes-2\/#primaryimage","url":"https:\/\/ultramarineessence.com\/wp-content\/uploads\/2025\/07\/IMG_0325.jpeg","contentUrl":"https:\/\/ultramarineessence.com\/wp-content\/uploads\/2025\/07\/IMG_0325.jpeg","width":2160,"height":2456},{"@type":"BreadcrumbList","@id":"https:\/\/ultramarineessence.com\/product\/dije-de-oro-con-esmeralda-y-diamantes-2\/#breadcrumb","itemListElement":[{"@type":"ListItem","position":1,"name":"Inicio","item":"https:\/\/ultramarineessence.com\/"},{"@type":"ListItem","position":2,"name":"Shop","item":"https:\/\/ultramarineessence.com\/shop\/"},{"@type":"ListItem","position":3,"name":"Dije de oro con esmeralda y diamantes"}]},{"@type":"WebSite","@id":"https:\/\/ultramarineessence.com\/#website","url":"https:\/\/ultramarineessence.com\/","name":"Ultramarine Essence","description":"Ultramarine Essence: La esencia de la exclusividad en moda. Descubre prendas \u00fanicas dise\u00f1adas para destacar en cualquier ocasi\u00f3n.","publisher":{"@id":"https:\/\/ultramarineessence.com\/#organization"},"potentialAction":[{"@type":"SearchAction","target":{"@type":"EntryPoint","urlTemplate":"https:\/\/ultramarineessence.com\/?s={search_term_string}"},"query-input":{"@type":"PropertyValueSpecification","valueRequired":true,"valueName":"search_term_string"}}],"inLanguage":"en-US"},{"@type":"Organization","@id":"https:\/\/ultramarineessence.com\/#organization","name":"Ultramarine Essence","url":"https:\/\/ultramarineessence.com\/","logo":{"@type":"ImageObject","inLanguage":"en-US","@id":"https:\/\/ultramarineessence.com\/#\/schema\/logo\/image\/","url":"https:\/\/ultramarineessence.com\/wp-content\/uploads\/2024\/11\/cropped-0.-Logos-y-editables-Ultramarine_page-0001.jpg","contentUrl":"https:\/\/ultramarineessence.com\/wp-content\/uploads\/2024\/11\/cropped-0.-Logos-y-editables-Ultramarine_page-0001.jpg","width":512,"height":512,"caption":"Ultramarine Essence"},"image":{"@id":"https:\/\/ultramarineessence.com\/#\/schema\/logo\/image\/"},"sameAs":["https:\/\/www.facebook.com\/people\/Ultramarine-Essence\/61567117845127\/","https:\/\/x.com\/ultramarinessen","https:\/\/www.instagram.com\/ultramarinessence\/","https:\/\/www.tiktok.com\/@ultramarinessence?_t=8rzv3xpLO9F&_r=1"]}]}},"uagb_featured_image_src":{"full":["https:\/\/ultramarineessence.com\/wp-content\/uploads\/2025\/07\/IMG_0325.jpeg",2160,2456,false],"thumbnail":["https:\/\/ultramarineessence.com\/wp-content\/uploads\/2025\/07\/IMG_0325-150x150.jpeg",150,150,true],"medium":["https:\/\/ultramarineessence.com\/wp-content\/uploads\/2025\/07\/IMG_0325-264x300.jpeg",264,300,true],"medium_large":["https:\/\/ultramarineessence.com\/wp-content\/uploads\/2025\/07\/IMG_0325-768x873.jpeg",768,873,true],"large":["https:\/\/ultramarineessence.com\/wp-content\/uploads\/2025\/07\/IMG_0325-901x1024.jpeg",901,1024,true],"1536x1536":["https:\/\/ultramarineessence.com\/wp-content\/uploads\/2025\/07\/IMG_0325-1351x1536.jpeg",1351,1536,true],"2048x2048":["https:\/\/ultramarineessence.com\/wp-content\/uploads\/2025\/07\/IMG_0325-1801x2048.jpeg",1801,2048,true],"trp-custom-language-flag":["https:\/\/ultramarineessence.com\/wp-content\/uploads\/2025\/07\/IMG_0325-11x12.jpeg",11,12,true],"woocommerce_archive_thumbnail":["https:\/\/ultramarineessence.com\/wp-content\/uploads\/2025\/07\/IMG_0325.jpeg",2160,2456,false],"mailpoet_newsletter_max":["https:\/\/ultramarineessence.com\/wp-content\/uploads\/2025\/07\/IMG_0325-1320x1501.jpeg",1320,1501,true],"woocommerce_thumbnail":["https:\/\/ultramarineessence.com\/wp-content\/uploads\/2025\/07\/IMG_0325-300x300.jpeg",300,300,true],"woocommerce_single":["https:\/\/ultramarineessence.com\/wp-content\/uploads\/2025\/07\/IMG_0325-600x682.jpeg",600,682,true],"woocommerce_gallery_thumbnail":["https:\/\/ultramarineessence.com\/wp-content\/uploads\/2025\/07\/IMG_0325-100x100.jpeg",100,100,true]},"uagb_author_info":{"display_name":"Ultra Marine","author_link":"https:\/\/ultramarineessence.com\/en\/author\/"},"uagb_comment_info":0,"uagb_excerpt":"&nbsp;","_links":{"self":[{"href":"https:\/\/ultramarineessence.com\/en\/wp-json\/wp\/v2\/product\/3477","targetHints":{"allow":["GET"]}}],"collection":[{"href":"https:\/\/ultramarineessence.com\/en\/wp-json\/wp\/v2\/product"}],"about":[{"href":"https:\/\/ultramarineessence.com\/en\/wp-json\/wp\/v2\/types\/product"}],"replies":[{"embeddable":true,"href":"https:\/\/ultramarineessence.com\/en\/wp-json\/wp\/v2\/comments?post=3477"}],"wp:featuredmedia":[{"embeddable":true,"href":"https:\/\/ultramarineessence.com\/en\/wp-json\/wp\/v2\/media\/3479"}],"wp:attachment":[{"href":"https:\/\/ultramarineessence.com\/en\/wp-json\/wp\/v2\/media?parent=3477"}],"wp:term":[{"taxonomy":"product_brand","embeddable":true,"href":"https:\/\/ultramarineessence.com\/en\/wp-json\/wp\/v2\/product_brand?post=3477"},{"taxonomy":"product_cat","embeddable":true,"href":"https:\/\/ultramarineessence.com\/en\/wp-json\/wp\/v2\/product_cat?post=3477"},{"taxonomy":"product_tag","embeddable":true,"href":"https:\/\/ultramarineessence.com\/en\/wp-json\/wp\/v2\/product_tag?post=3477"}],"curies":[{"name":"wp","href":"https:\/\/api.w.org\/{rel}","templated":true}]}}