{"id":3020,"date":"2024-11-27T16:43:38","date_gmt":"2024-11-27T16:43:38","guid":{"rendered":"https:\/\/ultramarineessence.com\/?post_type=product&#038;p=3020"},"modified":"2025-10-27T18:48:03","modified_gmt":"2025-10-27T18:48:03","slug":"inkspire-white-t-shirt","status":"publish","type":"product","link":"https:\/\/ultramarineessence.com\/en\/product\/inkspire-white-t-shirt\/","title":{"rendered":"Ultramarine Essence Oversize T-shirt \u2013 Signature Edition"},"content":{"rendered":"<p>A piece that combines subtlety and character. On the front, the elegant Ultramarine logo in cursive typography denotes distinction and style. On the back, the brand's essence is amplified with an artistic design accompanied by a powerful quote that connects art, exclusivity and meaning. Designed for those who wear the only thing with confidence.<\/p>","protected":false},"excerpt":{"rendered":"<p>A piece that combines subtlety and character. On the front, the elegant Ultramarine logo in cursive typography denotes distinction and style. On the back, the brand's essence is amplified with an artistic design accompanied by a powerful quote that connects art, exclusivity and meaning. Designed for those who wear the only thing with confidence.<\/p>","protected":false},"featured_media":3352,"comment_status":"open","ping_status":"closed","template":"","meta":{"_uag_custom_page_level_css":"","_themeisle_gutenberg_block_has_review":false},"product_brand":[],"product_cat":[22,26],"product_tag":[],"class_list":{"0":"post-3020","1":"product","2":"type-product","3":"status-publish","4":"has-post-thumbnail","6":"product_cat-tshirt","7":"product_cat-men","9":"first","10":"instock","11":"shipping-taxable","12":"purchasable","13":"product-type-variable"},"yoast_head":"<!-- This site is optimized with the Yoast SEO plugin v24.1 - https:\/\/yoast.com\/wordpress\/plugins\/seo\/ -->\n<title>Camiseta Oversize Ultramarine Essence - Signature Edition - Ultramarine Essence<\/title>\n<meta name=\"robots\" content=\"index, follow, max-snippet:-1, max-image-preview:large, max-video-preview:-1\" \/>\n<link rel=\"canonical\" href=\"https:\/\/ultramarineessence.com\/en\/product\/inkspire-white-t-shirt\/\" \/>\n<meta property=\"og:locale\" content=\"en_US\" \/>\n<meta property=\"og:type\" content=\"article\" \/>\n<meta property=\"og:title\" content=\"Camiseta Oversize Ultramarine Essence - Signature Edition - Ultramarine Essence\" \/>\n<meta property=\"og:description\" content=\"Una pieza que combina sutileza y car\u00e1cter. En el frente, el elegante logo Ultramarine en tipograf\u00eda cursiva denota distinci\u00f3n y estilo. En la parte trasera, la esencia de la marca se amplifica con un dise\u00f1o art\u00edstico acompa\u00f1ado de una poderosa cita que conecta arte, exclusividad y significado. Dise\u00f1ada para quienes llevan lo \u00fanico con confianza.\" \/>\n<meta property=\"og:url\" content=\"https:\/\/ultramarineessence.com\/en\/product\/inkspire-white-t-shirt\/\" \/>\n<meta property=\"og:site_name\" content=\"Ultramarine Essence\" \/>\n<meta property=\"article:publisher\" content=\"https:\/\/www.facebook.com\/people\/Ultramarine-Essence\/61567117845127\/\" \/>\n<meta property=\"article:modified_time\" content=\"2025-10-27T18:48:03+00:00\" \/>\n<meta property=\"og:image\" content=\"https:\/\/ultramarineessence.com\/wp-content\/uploads\/2024\/11\/26-scaled.jpg\" \/>\n\t<meta property=\"og:image:width\" content=\"1706\" \/>\n\t<meta property=\"og:image:height\" content=\"2560\" \/>\n\t<meta property=\"og:image:type\" content=\"image\/jpeg\" \/>\n<meta name=\"twitter:card\" content=\"summary_large_image\" \/>\n<meta name=\"twitter:site\" content=\"@ultramarinessen\" \/>\n<meta name=\"twitter:label1\" content=\"Est. reading time\" \/>\n\t<meta name=\"twitter:data1\" content=\"1 minute\" \/>\n<script type=\"application\/ld+json\" class=\"yoast-schema-graph\">{\"@context\":\"https:\/\/schema.org\",\"@graph\":[{\"@type\":\"WebPage\",\"@id\":\"https:\/\/ultramarineessence.com\/product\/inkspire-white-t-shirt\/\",\"url\":\"https:\/\/ultramarineessence.com\/product\/inkspire-white-t-shirt\/\",\"name\":\"Camiseta Oversize Ultramarine Essence - Signature Edition - Ultramarine Essence\",\"isPartOf\":{\"@id\":\"https:\/\/ultramarineessence.com\/#website\"},\"primaryImageOfPage\":{\"@id\":\"https:\/\/ultramarineessence.com\/product\/inkspire-white-t-shirt\/#primaryimage\"},\"image\":{\"@id\":\"https:\/\/ultramarineessence.com\/product\/inkspire-white-t-shirt\/#primaryimage\"},\"thumbnailUrl\":\"https:\/\/ultramarineessence.com\/wp-content\/uploads\/2024\/11\/26-scaled.jpg\",\"datePublished\":\"2024-11-27T16:43:38+00:00\",\"dateModified\":\"2025-10-27T18:48:03+00:00\",\"breadcrumb\":{\"@id\":\"https:\/\/ultramarineessence.com\/product\/inkspire-white-t-shirt\/#breadcrumb\"},\"inLanguage\":\"en-US\",\"potentialAction\":[{\"@type\":\"ReadAction\",\"target\":[\"https:\/\/ultramarineessence.com\/product\/inkspire-white-t-shirt\/\"]}]},{\"@type\":\"ImageObject\",\"inLanguage\":\"en-US\",\"@id\":\"https:\/\/ultramarineessence.com\/product\/inkspire-white-t-shirt\/#primaryimage\",\"url\":\"https:\/\/ultramarineessence.com\/wp-content\/uploads\/2024\/11\/26-scaled.jpg\",\"contentUrl\":\"https:\/\/ultramarineessence.com\/wp-content\/uploads\/2024\/11\/26-scaled.jpg\",\"width\":1706,\"height\":2560},{\"@type\":\"BreadcrumbList\",\"@id\":\"https:\/\/ultramarineessence.com\/product\/inkspire-white-t-shirt\/#breadcrumb\",\"itemListElement\":[{\"@type\":\"ListItem\",\"position\":1,\"name\":\"Inicio\",\"item\":\"https:\/\/ultramarineessence.com\/\"},{\"@type\":\"ListItem\",\"position\":2,\"name\":\"Shop\",\"item\":\"https:\/\/ultramarineessence.com\/shop\/\"},{\"@type\":\"ListItem\",\"position\":3,\"name\":\"Camiseta Oversize Ultramarine Essence &#8211; Signature Edition\"}]},{\"@type\":\"WebSite\",\"@id\":\"https:\/\/ultramarineessence.com\/#website\",\"url\":\"https:\/\/ultramarineessence.com\/\",\"name\":\"Ultramarine Essence\",\"description\":\"Ultramarine Essence: La esencia de la exclusividad en moda. Descubre prendas \u00fanicas dise\u00f1adas para destacar en cualquier ocasi\u00f3n.\",\"publisher\":{\"@id\":\"https:\/\/ultramarineessence.com\/#organization\"},\"potentialAction\":[{\"@type\":\"SearchAction\",\"target\":{\"@type\":\"EntryPoint\",\"urlTemplate\":\"https:\/\/ultramarineessence.com\/?s={search_term_string}\"},\"query-input\":{\"@type\":\"PropertyValueSpecification\",\"valueRequired\":true,\"valueName\":\"search_term_string\"}}],\"inLanguage\":\"en-US\"},{\"@type\":\"Organization\",\"@id\":\"https:\/\/ultramarineessence.com\/#organization\",\"name\":\"Ultramarine Essence\",\"url\":\"https:\/\/ultramarineessence.com\/\",\"logo\":{\"@type\":\"ImageObject\",\"inLanguage\":\"en-US\",\"@id\":\"https:\/\/ultramarineessence.com\/#\/schema\/logo\/image\/\",\"url\":\"https:\/\/ultramarineessence.com\/wp-content\/uploads\/2024\/11\/cropped-0.-Logos-y-editables-Ultramarine_page-0001.jpg\",\"contentUrl\":\"https:\/\/ultramarineessence.com\/wp-content\/uploads\/2024\/11\/cropped-0.-Logos-y-editables-Ultramarine_page-0001.jpg\",\"width\":512,\"height\":512,\"caption\":\"Ultramarine Essence\"},\"image\":{\"@id\":\"https:\/\/ultramarineessence.com\/#\/schema\/logo\/image\/\"},\"sameAs\":[\"https:\/\/www.facebook.com\/people\/Ultramarine-Essence\/61567117845127\/\",\"https:\/\/x.com\/ultramarinessen\",\"https:\/\/www.instagram.com\/ultramarinessence\/\",\"https:\/\/www.tiktok.com\/@ultramarinessence?_t=8rzv3xpLO9F&_r=1\"]}]}<\/script>\n<!-- \/ Yoast SEO plugin. -->","yoast_head_json":{"title":"Camiseta Oversize Ultramarine Essence - Signature Edition - Ultramarine Essence","robots":{"index":"index","follow":"follow","max-snippet":"max-snippet:-1","max-image-preview":"max-image-preview:large","max-video-preview":"max-video-preview:-1"},"canonical":"https:\/\/ultramarineessence.com\/en\/product\/inkspire-white-t-shirt\/","og_locale":"en_US","og_type":"article","og_title":"Camiseta Oversize Ultramarine Essence - Signature Edition - Ultramarine Essence","og_description":"Una pieza que combina sutileza y car\u00e1cter. En el frente, el elegante logo Ultramarine en tipograf\u00eda cursiva denota distinci\u00f3n y estilo. En la parte trasera, la esencia de la marca se amplifica con un dise\u00f1o art\u00edstico acompa\u00f1ado de una poderosa cita que conecta arte, exclusividad y significado. Dise\u00f1ada para quienes llevan lo \u00fanico con confianza.","og_url":"https:\/\/ultramarineessence.com\/en\/product\/inkspire-white-t-shirt\/","og_site_name":"Ultramarine Essence","article_publisher":"https:\/\/www.facebook.com\/people\/Ultramarine-Essence\/61567117845127\/","article_modified_time":"2025-10-27T18:48:03+00:00","og_image":[{"width":1706,"height":2560,"url":"https:\/\/ultramarineessence.com\/wp-content\/uploads\/2024\/11\/26-scaled.jpg","type":"image\/jpeg"}],"twitter_card":"summary_large_image","twitter_site":"@ultramarinessen","twitter_misc":{"Est. reading time":"1 minute"},"schema":{"@context":"https:\/\/schema.org","@graph":[{"@type":"WebPage","@id":"https:\/\/ultramarineessence.com\/product\/inkspire-white-t-shirt\/","url":"https:\/\/ultramarineessence.com\/product\/inkspire-white-t-shirt\/","name":"Camiseta Oversize Ultramarine Essence - Signature Edition - Ultramarine Essence","isPartOf":{"@id":"https:\/\/ultramarineessence.com\/#website"},"primaryImageOfPage":{"@id":"https:\/\/ultramarineessence.com\/product\/inkspire-white-t-shirt\/#primaryimage"},"image":{"@id":"https:\/\/ultramarineessence.com\/product\/inkspire-white-t-shirt\/#primaryimage"},"thumbnailUrl":"https:\/\/ultramarineessence.com\/wp-content\/uploads\/2024\/11\/26-scaled.jpg","datePublished":"2024-11-27T16:43:38+00:00","dateModified":"2025-10-27T18:48:03+00:00","breadcrumb":{"@id":"https:\/\/ultramarineessence.com\/product\/inkspire-white-t-shirt\/#breadcrumb"},"inLanguage":"en-US","potentialAction":[{"@type":"ReadAction","target":["https:\/\/ultramarineessence.com\/product\/inkspire-white-t-shirt\/"]}]},{"@type":"ImageObject","inLanguage":"en-US","@id":"https:\/\/ultramarineessence.com\/product\/inkspire-white-t-shirt\/#primaryimage","url":"https:\/\/ultramarineessence.com\/wp-content\/uploads\/2024\/11\/26-scaled.jpg","contentUrl":"https:\/\/ultramarineessence.com\/wp-content\/uploads\/2024\/11\/26-scaled.jpg","width":1706,"height":2560},{"@type":"BreadcrumbList","@id":"https:\/\/ultramarineessence.com\/product\/inkspire-white-t-shirt\/#breadcrumb","itemListElement":[{"@type":"ListItem","position":1,"name":"Inicio","item":"https:\/\/ultramarineessence.com\/"},{"@type":"ListItem","position":2,"name":"Shop","item":"https:\/\/ultramarineessence.com\/shop\/"},{"@type":"ListItem","position":3,"name":"Camiseta Oversize Ultramarine Essence &#8211; Signature Edition"}]},{"@type":"WebSite","@id":"https:\/\/ultramarineessence.com\/#website","url":"https:\/\/ultramarineessence.com\/","name":"Ultramarine Essence","description":"Ultramarine Essence: La esencia de la exclusividad en moda. Descubre prendas \u00fanicas dise\u00f1adas para destacar en cualquier ocasi\u00f3n.","publisher":{"@id":"https:\/\/ultramarineessence.com\/#organization"},"potentialAction":[{"@type":"SearchAction","target":{"@type":"EntryPoint","urlTemplate":"https:\/\/ultramarineessence.com\/?s={search_term_string}"},"query-input":{"@type":"PropertyValueSpecification","valueRequired":true,"valueName":"search_term_string"}}],"inLanguage":"en-US"},{"@type":"Organization","@id":"https:\/\/ultramarineessence.com\/#organization","name":"Ultramarine Essence","url":"https:\/\/ultramarineessence.com\/","logo":{"@type":"ImageObject","inLanguage":"en-US","@id":"https:\/\/ultramarineessence.com\/#\/schema\/logo\/image\/","url":"https:\/\/ultramarineessence.com\/wp-content\/uploads\/2024\/11\/cropped-0.-Logos-y-editables-Ultramarine_page-0001.jpg","contentUrl":"https:\/\/ultramarineessence.com\/wp-content\/uploads\/2024\/11\/cropped-0.-Logos-y-editables-Ultramarine_page-0001.jpg","width":512,"height":512,"caption":"Ultramarine Essence"},"image":{"@id":"https:\/\/ultramarineessence.com\/#\/schema\/logo\/image\/"},"sameAs":["https:\/\/www.facebook.com\/people\/Ultramarine-Essence\/61567117845127\/","https:\/\/x.com\/ultramarinessen","https:\/\/www.instagram.com\/ultramarinessence\/","https:\/\/www.tiktok.com\/@ultramarinessence?_t=8rzv3xpLO9F&_r=1"]}]}},"uagb_featured_image_src":{"full":["https:\/\/ultramarineessence.com\/wp-content\/uploads\/2024\/11\/26-scaled.jpg",1706,2560,false],"thumbnail":["https:\/\/ultramarineessence.com\/wp-content\/uploads\/2024\/11\/26-150x150.jpg",150,150,true],"medium":["https:\/\/ultramarineessence.com\/wp-content\/uploads\/2024\/11\/26-200x300.jpg",200,300,true],"medium_large":["https:\/\/ultramarineessence.com\/wp-content\/uploads\/2024\/11\/26-768x1152.jpg",768,1152,true],"large":["https:\/\/ultramarineessence.com\/wp-content\/uploads\/2024\/11\/26-682x1024.jpg",682,1024,true],"1536x1536":["https:\/\/ultramarineessence.com\/wp-content\/uploads\/2024\/11\/26-1024x1536.jpg",1024,1536,true],"2048x2048":["https:\/\/ultramarineessence.com\/wp-content\/uploads\/2024\/11\/26-1365x2048.jpg",1365,2048,true],"trp-custom-language-flag":["https:\/\/ultramarineessence.com\/wp-content\/uploads\/2024\/11\/26-8x12.jpg",8,12,true],"woocommerce_archive_thumbnail":["https:\/\/ultramarineessence.com\/wp-content\/uploads\/2024\/11\/26-scaled.jpg",1706,2560,false],"mailpoet_newsletter_max":["https:\/\/ultramarineessence.com\/wp-content\/uploads\/2024\/11\/26-scaled.jpg",1320,1981,false],"woocommerce_thumbnail":["https:\/\/ultramarineessence.com\/wp-content\/uploads\/2024\/11\/26-300x300.jpg",300,300,true],"woocommerce_single":["https:\/\/ultramarineessence.com\/wp-content\/uploads\/2024\/11\/26-600x900.jpg",600,900,true],"woocommerce_gallery_thumbnail":["https:\/\/ultramarineessence.com\/wp-content\/uploads\/2024\/11\/26-100x100.jpg",100,100,true]},"uagb_author_info":{"display_name":"Ultra Marine","author_link":"https:\/\/ultramarineessence.com\/en\/author\/"},"uagb_comment_info":0,"uagb_excerpt":"Una pieza que combina sutileza y car\u00e1cter. En el frente, el elegante logo Ultramarine en tipograf\u00eda cursiva denota distinci\u00f3n y estilo. En la parte trasera, la esencia de la marca se amplifica con un dise\u00f1o art\u00edstico acompa\u00f1ado de una poderosa cita que conecta arte, exclusividad y significado. Dise\u00f1ada para quienes llevan lo \u00fanico con confianza.","_links":{"self":[{"href":"https:\/\/ultramarineessence.com\/en\/wp-json\/wp\/v2\/product\/3020","targetHints":{"allow":["GET"]}}],"collection":[{"href":"https:\/\/ultramarineessence.com\/en\/wp-json\/wp\/v2\/product"}],"about":[{"href":"https:\/\/ultramarineessence.com\/en\/wp-json\/wp\/v2\/types\/product"}],"replies":[{"embeddable":true,"href":"https:\/\/ultramarineessence.com\/en\/wp-json\/wp\/v2\/comments?post=3020"}],"wp:featuredmedia":[{"embeddable":true,"href":"https:\/\/ultramarineessence.com\/en\/wp-json\/wp\/v2\/media\/3352"}],"wp:attachment":[{"href":"https:\/\/ultramarineessence.com\/en\/wp-json\/wp\/v2\/media?parent=3020"}],"wp:term":[{"taxonomy":"product_brand","embeddable":true,"href":"https:\/\/ultramarineessence.com\/en\/wp-json\/wp\/v2\/product_brand?post=3020"},{"taxonomy":"product_cat","embeddable":true,"href":"https:\/\/ultramarineessence.com\/en\/wp-json\/wp\/v2\/product_cat?post=3020"},{"taxonomy":"product_tag","embeddable":true,"href":"https:\/\/ultramarineessence.com\/en\/wp-json\/wp\/v2\/product_tag?post=3020"}],"curies":[{"name":"wp","href":"https:\/\/api.w.org\/{rel}","templated":true}]}}