{"id":2056,"date":"2024-11-25T15:21:39","date_gmt":"2024-11-25T15:21:39","guid":{"rendered":"https:\/\/ultramarineessence.com\/my-account\/"},"modified":"2024-11-25T15:21:47","modified_gmt":"2024-11-25T15:21:47","slug":"my-account","status":"publish","type":"page","link":"https:\/\/ultramarineessence.com\/en\/my-account\/","title":{"rendered":"My account"},"content":{"rendered":"<div class=\"woocommerce ct-woo-unauthorized\"><\/div>","protected":false},"excerpt":{"rendered":"","protected":false},"author":1,"featured_media":0,"parent":0,"menu_order":0,"comment_status":"closed","ping_status":"closed","template":"","meta":{"_uag_custom_page_level_css":"","_themeisle_gutenberg_block_has_review":false,"footnotes":""},"class_list":["post-2056","page","type-page","status-publish","hentry"],"blocksy_meta":[],"yoast_head":"<!-- This site is optimized with the Yoast SEO plugin v24.1 - https:\/\/yoast.com\/wordpress\/plugins\/seo\/ -->\n<title>My account - Ultramarine Essence<\/title>\n<meta name=\"robots\" content=\"index, follow, max-snippet:-1, max-image-preview:large, max-video-preview:-1\" \/>\n<link rel=\"canonical\" href=\"https:\/\/ultramarineessence.com\/en\/my-account\/\" \/>\n<meta property=\"og:locale\" content=\"en_US\" \/>\n<meta property=\"og:type\" content=\"article\" \/>\n<meta property=\"og:title\" content=\"My account - Ultramarine Essence\" \/>\n<meta property=\"og:url\" content=\"https:\/\/ultramarineessence.com\/en\/my-account\/\" \/>\n<meta property=\"og:site_name\" content=\"Ultramarine Essence\" \/>\n<meta property=\"article:publisher\" content=\"https:\/\/www.facebook.com\/people\/Ultramarine-Essence\/61567117845127\/\" \/>\n<meta property=\"article:modified_time\" content=\"2024-11-25T15:21:47+00:00\" \/>\n<meta name=\"twitter:card\" content=\"summary_large_image\" \/>\n<meta name=\"twitter:site\" content=\"@ultramarinessen\" \/>\n<script type=\"application\/ld+json\" class=\"yoast-schema-graph\">{\"@context\":\"https:\/\/schema.org\",\"@graph\":[{\"@type\":\"WebPage\",\"@id\":\"https:\/\/ultramarineessence.com\/my-account\/\",\"url\":\"https:\/\/ultramarineessence.com\/my-account\/\",\"name\":\"My account - Ultramarine Essence\",\"isPartOf\":{\"@id\":\"https:\/\/ultramarineessence.com\/#website\"},\"datePublished\":\"2024-11-25T15:21:39+00:00\",\"dateModified\":\"2024-11-25T15:21:47+00:00\",\"breadcrumb\":{\"@id\":\"https:\/\/ultramarineessence.com\/my-account\/#breadcrumb\"},\"inLanguage\":\"en-US\",\"potentialAction\":[{\"@type\":\"ReadAction\",\"target\":[\"https:\/\/ultramarineessence.com\/my-account\/\"]}]},{\"@type\":\"BreadcrumbList\",\"@id\":\"https:\/\/ultramarineessence.com\/my-account\/#breadcrumb\",\"itemListElement\":[{\"@type\":\"ListItem\",\"position\":1,\"name\":\"Inicio\",\"item\":\"https:\/\/ultramarineessence.com\/\"},{\"@type\":\"ListItem\",\"position\":2,\"name\":\"My account\"}]},{\"@type\":\"WebSite\",\"@id\":\"https:\/\/ultramarineessence.com\/#website\",\"url\":\"https:\/\/ultramarineessence.com\/\",\"name\":\"Ultramarine Essence\",\"description\":\"Ultramarine Essence: La esencia de la exclusividad en moda. Descubre prendas \u00fanicas dise\u00f1adas para destacar en cualquier ocasi\u00f3n.\",\"publisher\":{\"@id\":\"https:\/\/ultramarineessence.com\/#organization\"},\"potentialAction\":[{\"@type\":\"SearchAction\",\"target\":{\"@type\":\"EntryPoint\",\"urlTemplate\":\"https:\/\/ultramarineessence.com\/?s={search_term_string}\"},\"query-input\":{\"@type\":\"PropertyValueSpecification\",\"valueRequired\":true,\"valueName\":\"search_term_string\"}}],\"inLanguage\":\"en-US\"},{\"@type\":\"Organization\",\"@id\":\"https:\/\/ultramarineessence.com\/#organization\",\"name\":\"Ultramarine Essence\",\"url\":\"https:\/\/ultramarineessence.com\/\",\"logo\":{\"@type\":\"ImageObject\",\"inLanguage\":\"en-US\",\"@id\":\"https:\/\/ultramarineessence.com\/#\/schema\/logo\/image\/\",\"url\":\"https:\/\/ultramarineessence.com\/wp-content\/uploads\/2024\/11\/cropped-0.-Logos-y-editables-Ultramarine_page-0001.jpg\",\"contentUrl\":\"https:\/\/ultramarineessence.com\/wp-content\/uploads\/2024\/11\/cropped-0.-Logos-y-editables-Ultramarine_page-0001.jpg\",\"width\":512,\"height\":512,\"caption\":\"Ultramarine Essence\"},\"image\":{\"@id\":\"https:\/\/ultramarineessence.com\/#\/schema\/logo\/image\/\"},\"sameAs\":[\"https:\/\/www.facebook.com\/people\/Ultramarine-Essence\/61567117845127\/\",\"https:\/\/x.com\/ultramarinessen\",\"https:\/\/www.instagram.com\/ultramarinessence\/\",\"https:\/\/www.tiktok.com\/@ultramarinessence?_t=8rzv3xpLO9F&_r=1\"]}]}<\/script>\n<!-- \/ Yoast SEO plugin. -->","yoast_head_json":{"title":"My account - Ultramarine Essence","robots":{"index":"index","follow":"follow","max-snippet":"max-snippet:-1","max-image-preview":"max-image-preview:large","max-video-preview":"max-video-preview:-1"},"canonical":"https:\/\/ultramarineessence.com\/en\/my-account\/","og_locale":"en_US","og_type":"article","og_title":"My account - Ultramarine Essence","og_url":"https:\/\/ultramarineessence.com\/en\/my-account\/","og_site_name":"Ultramarine Essence","article_publisher":"https:\/\/www.facebook.com\/people\/Ultramarine-Essence\/61567117845127\/","article_modified_time":"2024-11-25T15:21:47+00:00","twitter_card":"summary_large_image","twitter_site":"@ultramarinessen","schema":{"@context":"https:\/\/schema.org","@graph":[{"@type":"WebPage","@id":"https:\/\/ultramarineessence.com\/my-account\/","url":"https:\/\/ultramarineessence.com\/my-account\/","name":"My account - Ultramarine Essence","isPartOf":{"@id":"https:\/\/ultramarineessence.com\/#website"},"datePublished":"2024-11-25T15:21:39+00:00","dateModified":"2024-11-25T15:21:47+00:00","breadcrumb":{"@id":"https:\/\/ultramarineessence.com\/my-account\/#breadcrumb"},"inLanguage":"en-US","potentialAction":[{"@type":"ReadAction","target":["https:\/\/ultramarineessence.com\/my-account\/"]}]},{"@type":"BreadcrumbList","@id":"https:\/\/ultramarineessence.com\/my-account\/#breadcrumb","itemListElement":[{"@type":"ListItem","position":1,"name":"Inicio","item":"https:\/\/ultramarineessence.com\/"},{"@type":"ListItem","position":2,"name":"My account"}]},{"@type":"WebSite","@id":"https:\/\/ultramarineessence.com\/#website","url":"https:\/\/ultramarineessence.com\/","name":"Ultramarine Essence","description":"Ultramarine Essence: La esencia de la exclusividad en moda. Descubre prendas \u00fanicas dise\u00f1adas para destacar en cualquier ocasi\u00f3n.","publisher":{"@id":"https:\/\/ultramarineessence.com\/#organization"},"potentialAction":[{"@type":"SearchAction","target":{"@type":"EntryPoint","urlTemplate":"https:\/\/ultramarineessence.com\/?s={search_term_string}"},"query-input":{"@type":"PropertyValueSpecification","valueRequired":true,"valueName":"search_term_string"}}],"inLanguage":"en-US"},{"@type":"Organization","@id":"https:\/\/ultramarineessence.com\/#organization","name":"Ultramarine Essence","url":"https:\/\/ultramarineessence.com\/","logo":{"@type":"ImageObject","inLanguage":"en-US","@id":"https:\/\/ultramarineessence.com\/#\/schema\/logo\/image\/","url":"https:\/\/ultramarineessence.com\/wp-content\/uploads\/2024\/11\/cropped-0.-Logos-y-editables-Ultramarine_page-0001.jpg","contentUrl":"https:\/\/ultramarineessence.com\/wp-content\/uploads\/2024\/11\/cropped-0.-Logos-y-editables-Ultramarine_page-0001.jpg","width":512,"height":512,"caption":"Ultramarine Essence"},"image":{"@id":"https:\/\/ultramarineessence.com\/#\/schema\/logo\/image\/"},"sameAs":["https:\/\/www.facebook.com\/people\/Ultramarine-Essence\/61567117845127\/","https:\/\/x.com\/ultramarinessen","https:\/\/www.instagram.com\/ultramarinessence\/","https:\/\/www.tiktok.com\/@ultramarinessence?_t=8rzv3xpLO9F&_r=1"]}]}},"uagb_featured_image_src":{"full":false,"thumbnail":false,"medium":false,"medium_large":false,"large":false,"1536x1536":false,"2048x2048":false,"trp-custom-language-flag":false,"woocommerce_archive_thumbnail":false,"mailpoet_newsletter_max":false,"woocommerce_thumbnail":false,"woocommerce_single":false,"woocommerce_gallery_thumbnail":false},"uagb_author_info":{"display_name":"Ultra Marine","author_link":"https:\/\/ultramarineessence.com\/en\/author\/ultramarineessencegmail-com\/"},"uagb_comment_info":0,"uagb_excerpt":null,"_links":{"self":[{"href":"https:\/\/ultramarineessence.com\/en\/wp-json\/wp\/v2\/pages\/2056","targetHints":{"allow":["GET"]}}],"collection":[{"href":"https:\/\/ultramarineessence.com\/en\/wp-json\/wp\/v2\/pages"}],"about":[{"href":"https:\/\/ultramarineessence.com\/en\/wp-json\/wp\/v2\/types\/page"}],"author":[{"embeddable":true,"href":"https:\/\/ultramarineessence.com\/en\/wp-json\/wp\/v2\/users\/1"}],"replies":[{"embeddable":true,"href":"https:\/\/ultramarineessence.com\/en\/wp-json\/wp\/v2\/comments?post=2056"}],"version-history":[{"count":1,"href":"https:\/\/ultramarineessence.com\/en\/wp-json\/wp\/v2\/pages\/2056\/revisions"}],"predecessor-version":[{"id":2855,"href":"https:\/\/ultramarineessence.com\/en\/wp-json\/wp\/v2\/pages\/2056\/revisions\/2855"}],"wp:attachment":[{"href":"https:\/\/ultramarineessence.com\/en\/wp-json\/wp\/v2\/media?parent=2056"}],"curies":[{"name":"wp","href":"https:\/\/api.w.org\/{rel}","templated":true}]}}